{"id":2647,"date":"2021-01-20T23:14:33","date_gmt":"2021-01-20T20:14:33","guid":{"rendered":"https:\/\/www.greekandfood.com\/kouneli-stifado\/"},"modified":"2021-01-29T12:43:45","modified_gmt":"2021-01-29T09:43:45","slug":"kouneli-stifado","status":"publish","type":"page","link":"https:\/\/www.greekandfood.com\/ru\/kouneli-stifado\/","title":{"rendered":"Kouneli stifado"},"content":{"rendered":"\n<div class=\"row\"  id=\"row-603916244\">\n\n\n\t<div id=\"col-1630819706\" class=\"col medium-6 small-12 large-6\"  >\n\t\t\t\t<div class=\"col-inner\"  >\n\t\t\t\n\t\t\t\n\n<h1><strong>Kouneli Stifado<\/strong><\/h1>\n<p class=\"western\"><span style=\"font-size: large;\"><span lang=\"et-EE\">L\u00f5ika k\u00fc\u00fclik, piparda ja soola maitse j\u00e4rgi ning veereta jahus. <\/span><\/span><br \/><span style=\"font-size: large;\"><span lang=\"et-EE\">Lisa s\u00fcgavale panni 2 sl oliivi\u00f5li ja h\u00e4sti soojenda seda tulel.<\/span><\/span><br \/><span style=\"font-size: large;\"><span lang=\"et-EE\">Prae k\u00fc\u00fclik kuldpruuniks mitmelt poolt ja pane k\u00f5rvale.<\/span><\/span><span style=\"font-size: large;\"><br \/><\/span><span style=\"font-size: large;\"><span lang=\"et-EE\">Lisa paksu p\u00f5hjaga potti 2 sl oliivi\u00f5li, soojenda potti, pane siia p\u00e4rlsibulat ja pruunista kuldseks. <\/span><\/span><br \/><span style=\"font-size: large;\"><span lang=\"et-EE\">Lisa k\u00f6\u00f6men, loorberileht, k\u00fc\u00fcslauk, kaneel ja tomatipasta. Sega puulusikaga.<\/span><\/span><br \/><span style=\"font-size: large;\"><span lang=\"et-EE\">Lisa punane vein ja palsami\u00e4\u00e4dikas, eelnevalt segades selle meega. Sega k\u00f5ik koostisosad potis kokku.<\/span><\/span><br \/><span style=\"font-size: large;\"><span lang=\"et-EE\">Pane potti l\u00f5igatud tomatid, k\u00fc\u00fclik, rosmariin, lisa vesi niimoodi, et see kataks liha.<\/span><\/span><br \/><span style=\"font-size: large;\"><span lang=\"et-EE\">Pane kaant peale ja hauta madalal kuumusel umbes 1,5 tundi kuni stifado on valmis.<\/span><\/span><br \/><span style=\"font-size: large;\"><span lang=\"et-EE\">Koostisosad:<\/span><\/span><br \/><span style=\"font-size: large;\"><span lang=\"et-EE\">1 k\u00fc\u00fclik<\/span><\/span><br \/><span style=\"font-size: large;\"><span lang=\"et-EE\">50 g jahu<\/span><\/span><br \/><span style=\"font-size: large;\"><span lang=\"et-EE\">pipar,<\/span><\/span><span style=\"font-size: large;\"><span lang=\"et-EE\">sool <\/span><\/span><br \/><span style=\"font-size: large;\"><span lang=\"et-EE\">4 sl oliivi\u00f5li<\/span><\/span><br \/><span style=\"font-size: large;\"><span lang=\"et-EE\">1 kg p\u00e4rlsibulat (v\u00f5i v\u00e4ikest tavalist sibulat)<\/span><\/span><br \/><span style=\"font-size: large;\"><span lang=\"et-EE\">1 sl k\u00f6\u00f6mne seemneid<\/span><\/span><br \/><span style=\"font-size: large;\"><span lang=\"et-EE\">2-3 loorberilehte<\/span><\/span><br \/><span style=\"font-size: large;\"><span lang=\"et-EE\">2 k\u00fc\u00fcslauguk\u00fc\u00fcnt<\/span><\/span><br \/><span style=\"font-size: large;\"><span lang=\"et-EE\">1 kaneelikoor<\/span><\/span><br \/><span style=\"font-size: large;\"><span lang=\"et-EE\">1 sl tomatipastat <\/span><\/span><br \/><span style=\"font-size: large;\"><span lang=\"et-EE\">100 ml Mavrodafne veini<\/span><\/span><br \/><span style=\"font-size: large;\"><span lang=\"et-EE\">3-4 sl palsami\u00e4\u00e4dikat<\/span><\/span><br \/><span style=\"font-size: large;\"><span lang=\"et-EE\">2 sl mett<\/span><\/span><br \/><span style=\"font-size: large;\"><span lang=\"et-EE\">400 g tomatit<\/span><\/span><br \/><span style=\"font-size: large;\"><span lang=\"et-EE\">1 tl kuivatatud rosmariini (v\u00f5i 2 v\u00e4rske rosmariini oksa)<\/span><\/span><\/p>\n<p>\u00a0<\/p>\n\n\t\t<\/div>\n\t\t\t\t\t<\/div>\n\n\t\n\n\t<div id=\"col-348642074\" class=\"col medium-6 small-12 large-6\"  >\n\t\t\t\t<div class=\"col-inner\"  >\n\t\t\t\n\t\t\t\n\n  <div class=\"banner-grid-wrapper\">\n  <div id=\"banner-grid-1334450316\" class=\"banner-grid row row-grid row-small\" data-packery-options=\"\">\n                      \n\n<div class=\"col grid-col large-12 grid-col-2-3\" ><div class=\"col-inner\">\n\n\t<div class=\"img has-hover x md-x lg-x y md-y lg-y\" id=\"image_296070304\">\n\t\t\t\t\t\t\t\t<div class=\"img-inner dark\" >\n\t\t\t<img loading=\"lazy\" decoding=\"async\" width=\"1020\" height=\"765\" src=\"https:\/\/www.greekandfood.com\/wp-content\/uploads\/2021\/01\/P1040769-1067x800.jpg\" class=\"attachment-large size-large\" alt=\"\" srcset=\"https:\/\/www.greekandfood.com\/wp-content\/uploads\/2021\/01\/P1040769-1067x800.jpg 1067w, https:\/\/www.greekandfood.com\/wp-content\/uploads\/2021\/01\/P1040769-533x400.jpg 533w, https:\/\/www.greekandfood.com\/wp-content\/uploads\/2021\/01\/P1040769-768x576.jpg 768w, https:\/\/www.greekandfood.com\/wp-content\/uploads\/2021\/01\/P1040769-1536x1152.jpg 1536w, https:\/\/www.greekandfood.com\/wp-content\/uploads\/2021\/01\/P1040769-2048x1536.jpg 2048w, https:\/\/www.greekandfood.com\/wp-content\/uploads\/2021\/01\/P1040769-510x383.jpg 510w\" sizes=\"auto, (max-width: 1020px) 100vw, 1020px\" \/>\t\t\t\t\t\t\n\t\t\t\t\t<\/div>\n\t\t\t\t\t\t\t\t\n<style>\n#image_296070304 {\n  width: 100%;\n}\n<\/style>\n\t<\/div>\n\t\n\n\n<\/div><\/div>\n<div class=\"col grid-col large-4 grid-col-1-3\" ><div class=\"col-inner\">\n\n\t<div class=\"img has-hover x md-x lg-x y md-y lg-y\" id=\"image_660167216\">\n\t\t\t\t\t\t\t\t<div class=\"img-inner dark\" >\n\t\t\t<img loading=\"lazy\" decoding=\"async\" width=\"719\" height=\"800\" src=\"https:\/\/www.greekandfood.com\/wp-content\/uploads\/2021\/01\/P1040756-719x800.jpg\" class=\"attachment-large size-large\" alt=\"\" srcset=\"https:\/\/www.greekandfood.com\/wp-content\/uploads\/2021\/01\/P1040756-719x800.jpg 719w, https:\/\/www.greekandfood.com\/wp-content\/uploads\/2021\/01\/P1040756-359x400.jpg 359w, https:\/\/www.greekandfood.com\/wp-content\/uploads\/2021\/01\/P1040756-768x855.jpg 768w, https:\/\/www.greekandfood.com\/wp-content\/uploads\/2021\/01\/P1040756-1380x1536.jpg 1380w, https:\/\/www.greekandfood.com\/wp-content\/uploads\/2021\/01\/P1040756-1840x2048.jpg 1840w, https:\/\/www.greekandfood.com\/wp-content\/uploads\/2021\/01\/P1040756-510x568.jpg 510w\" sizes=\"auto, (max-width: 719px) 100vw, 719px\" \/>\t\t\t\t\t\t\n\t\t\t\t\t<\/div>\n\t\t\t\t\t\t\t\t\n<style>\n#image_660167216 {\n  width: 100%;\n}\n<\/style>\n\t<\/div>\n\t\n\n\n<\/div><\/div>\n<div class=\"col grid-col large-4 grid-col-1-3\" ><div class=\"col-inner\">\n\n\t<div class=\"img has-hover x md-x lg-x y md-y lg-y\" id=\"image_372302034\">\n\t\t\t\t\t\t\t\t<div class=\"img-inner dark\" >\n\t\t\t<img loading=\"lazy\" decoding=\"async\" width=\"1020\" height=\"765\" src=\"https:\/\/www.greekandfood.com\/wp-content\/uploads\/2021\/01\/P1040772-1067x800.jpg\" class=\"attachment-large size-large\" alt=\"\" srcset=\"https:\/\/www.greekandfood.com\/wp-content\/uploads\/2021\/01\/P1040772-1067x800.jpg 1067w, https:\/\/www.greekandfood.com\/wp-content\/uploads\/2021\/01\/P1040772-533x400.jpg 533w, https:\/\/www.greekandfood.com\/wp-content\/uploads\/2021\/01\/P1040772-768x576.jpg 768w, https:\/\/www.greekandfood.com\/wp-content\/uploads\/2021\/01\/P1040772-1536x1152.jpg 1536w, https:\/\/www.greekandfood.com\/wp-content\/uploads\/2021\/01\/P1040772-2048x1536.jpg 2048w, https:\/\/www.greekandfood.com\/wp-content\/uploads\/2021\/01\/P1040772-510x383.jpg 510w\" sizes=\"auto, (max-width: 1020px) 100vw, 1020px\" \/>\t\t\t\t\t\t\n\t\t\t\t\t<\/div>\n\t\t\t\t\t\t\t\t\n<style>\n#image_372302034 {\n  width: 100%;\n}\n<\/style>\n\t<\/div>\n\t\n\n\n<\/div><\/div>\n<div class=\"col grid-col large-4 grid-col-1-3\" ><div class=\"col-inner\">\n\n\t<div class=\"img has-hover x md-x lg-x y md-y lg-y\" id=\"image_2074534966\">\n\t\t\t\t\t\t\t\t<div class=\"img-inner dark\" >\n\t\t\t<img loading=\"lazy\" decoding=\"async\" width=\"1020\" height=\"765\" src=\"https:\/\/www.greekandfood.com\/wp-content\/uploads\/2021\/01\/P1040793-1067x800.jpg\" class=\"attachment-large size-large\" alt=\"\" srcset=\"https:\/\/www.greekandfood.com\/wp-content\/uploads\/2021\/01\/P1040793-1067x800.jpg 1067w, https:\/\/www.greekandfood.com\/wp-content\/uploads\/2021\/01\/P1040793-533x400.jpg 533w, https:\/\/www.greekandfood.com\/wp-content\/uploads\/2021\/01\/P1040793-768x576.jpg 768w, https:\/\/www.greekandfood.com\/wp-content\/uploads\/2021\/01\/P1040793-1536x1152.jpg 1536w, https:\/\/www.greekandfood.com\/wp-content\/uploads\/2021\/01\/P1040793-2048x1536.jpg 2048w, https:\/\/www.greekandfood.com\/wp-content\/uploads\/2021\/01\/P1040793-510x383.jpg 510w\" sizes=\"auto, (max-width: 1020px) 100vw, 1020px\" \/>\t\t\t\t\t\t\n\t\t\t\t\t<\/div>\n\t\t\t\t\t\t\t\t\n<style>\n#image_2074534966 {\n  width: 100%;\n}\n<\/style>\n\t<\/div>\n\t\n\n\n<\/div><\/div>\n\n            <\/div>\n    <style>\n    #banner-grid-1334450316 .grid-col-1{height: 600px}\n    #banner-grid-1334450316 .grid-col-1-2{height: 300px}\n    #banner-grid-1334450316 .grid-col-1-3{height:200px}\n    #banner-grid-1334450316 .grid-col-2-3{height: 400px}\n    #banner-grid-1334450316 .grid-col-1-4{height: 150px}\n    #banner-grid-1334450316 .grid-col-3-4{height: 450px}\n\n\n    \n    \n\n  <\/style>\n    <\/div>\n  \n\n\t\t<\/div>\n\t\t\t\t\t<\/div>\n\n\t\n\n<\/div>\n\n","protected":false},"excerpt":{"rendered":"","protected":false},"author":1,"featured_media":0,"parent":0,"menu_order":0,"comment_status":"closed","ping_status":"closed","template":"","meta":{"footnotes":""},"class_list":["post-2647","page","type-page","status-publish","hentry"],"_links":{"self":[{"href":"https:\/\/www.greekandfood.com\/ru\/wp-json\/wp\/v2\/pages\/2647","targetHints":{"allow":["GET"]}}],"collection":[{"href":"https:\/\/www.greekandfood.com\/ru\/wp-json\/wp\/v2\/pages"}],"about":[{"href":"https:\/\/www.greekandfood.com\/ru\/wp-json\/wp\/v2\/types\/page"}],"author":[{"embeddable":true,"href":"https:\/\/www.greekandfood.com\/ru\/wp-json\/wp\/v2\/users\/1"}],"replies":[{"embeddable":true,"href":"https:\/\/www.greekandfood.com\/ru\/wp-json\/wp\/v2\/comments?post=2647"}],"version-history":[{"count":2,"href":"https:\/\/www.greekandfood.com\/ru\/wp-json\/wp\/v2\/pages\/2647\/revisions"}],"predecessor-version":[{"id":2941,"href":"https:\/\/www.greekandfood.com\/ru\/wp-json\/wp\/v2\/pages\/2647\/revisions\/2941"}],"wp:attachment":[{"href":"https:\/\/www.greekandfood.com\/ru\/wp-json\/wp\/v2\/media?parent=2647"}],"curies":[{"name":"wp","href":"https:\/\/api.w.org\/{rel}","templated":true}]}}